{"id":57,"date":"2025-02-26T23:45:14","date_gmt":"2025-02-26T23:45:14","guid":{"rendered":"https:\/\/angelhomewatch.com\/?page_id=57"},"modified":"2025-04-28T00:09:47","modified_gmt":"2025-04-28T00:09:47","slug":"home","status":"publish","type":"page","link":"https:\/\/angelhomewatch.com\/de\/","title":{"rendered":"Home"},"content":{"rendered":"<p>[et_pb_section fb_built=&#8221;1&#8243; admin_label=&#8221;Header&#8221; _builder_version=&#8221;4.27.4&#8243; _module_preset=&#8221;default&#8221; use_background_color_gradient=&#8221;on&#8221; background_color_gradient_stops=&#8221;rgba(0,0,0,0.5) 0%|rgba(0,0,0,0.5) 100%&#8221; background_image=&#8221;https:\/\/angelhomewatch.com\/wp-content\/uploads\/2025\/04\/new-home-angel.jpg&#8221; custom_padding=&#8221;9vw||9vw||true|false&#8221; background_last_edited=&#8221;on|phone&#8221; collapsed=&#8221;on&#8221; global_colors_info=&#8221;{}&#8221;][et_pb_row _builder_version=&#8221;4.20.0&#8243; _module_preset=&#8221;default&#8221; global_colors_info=&#8221;{}&#8221;][et_pb_column type=&#8221;4_4&#8243; _builder_version=&#8221;4.20.0&#8243; _module_preset=&#8221;default&#8221; global_colors_info=&#8221;{}&#8221;][et_pb_text _builder_version=&#8221;4.27.4&#8243; _module_preset=&#8221;e2e60f29-7d5d-45ae-bd1f-8b0880acce57&#8243; header_text_color=&#8221;#FFFFFF&#8221; header_font_size=&#8221;41px&#8221; header_letter_spacing=&#8221;0em&#8221; text_orientation=&#8221;center&#8221; custom_margin=&#8221;||10px|||&#8221; hover_enabled=&#8221;0&#8243; header_font_size_tablet=&#8221;&#8221; header_font_size_phone=&#8221;&#8221; header_font_size_last_edited=&#8221;on|phone&#8221; global_colors_info=&#8221;{}&#8221; sticky_enabled=&#8221;0&#8243;]<\/p>\n<h1>Willkommen zu Angel Home Watch of SWFL<\/h1>\n<p>[\/et_pb_text][et_pb_text _builder_version=&#8221;4.27.4&#8243; _module_preset=&#8221;fb3bbfd6-14b6-4763-a669-db67276260bc&#8221; text_font=&#8221;Poppins||||||||&#8221; text_text_color=&#8221;#FFFFFF&#8221; text_font_size=&#8221;16px&#8221; header_font=&#8221;Poppins||||||||&#8221; header_text_align=&#8221;center&#8221; header_text_color=&#8221;#FFFFFF&#8221; header_font_size=&#8221;27px&#8221; header_4_text_color=&#8221;#FFFFFF&#8221; text_orientation=&#8221;center&#8221; custom_margin=&#8221;||25px||false|false&#8221; hover_enabled=&#8221;0&#8243; global_colors_info=&#8221;{}&#8221; sticky_enabled=&#8221;0&#8243;]<\/p>\n<p><strong>Wo Dein Zuhause Ist Unsere Priorit\u00e4t<\/strong><\/p>\n<p>An Angel Home Watch of SWFL, bieten wir Besondere Sorgfalt, um sicherzustellen, Ihre Immobilie ist gut gepflegt, gesch\u00fctzt und immer bereit f\u00fcr Ihre R\u00fcckkehr, egal ob Sie Zuhause oder unterwegs sind. Unser Engagement f\u00fcr Exzellenz spiegelt sich in unserer Experten-Schulungen, pers\u00f6nlichen service, und die unersch\u00fctterliche Liebe zum detail.<\/p>\n<p>[\/et_pb_text][et_pb_button button_url=&#8221;https:\/\/wa.link\/ycw9p7&#8243; button_text=&#8221;More info&#8221; button_alignment=&#8221;center&#8221; _builder_version=&#8221;4.27.4&#8243; _module_preset=&#8221;23fbfb7a-36d2-418c-94a8-5b87f2273e6d&#8221; global_colors_info=&#8221;{}&#8221;][\/et_pb_button][\/et_pb_column][\/et_pb_row][\/et_pb_section][et_pb_section fb_built=&#8221;1&#8243; _builder_version=&#8221;4.27.0&#8243; _module_preset=&#8221;default&#8221; background_color=&#8221;#54c0d8&#8243; background_enable_image=&#8221;off&#8221; custom_margin=&#8221;0px||0px||true|false&#8221; custom_padding=&#8221;0px||0px||true|false&#8221; global_colors_info=&#8221;{}&#8221;][et_pb_row _builder_version=&#8221;4.27.0&#8243; _module_preset=&#8221;default&#8221; global_colors_info=&#8221;{}&#8221;][et_pb_column type=&#8221;4_4&#8243; _builder_version=&#8221;4.27.0&#8243; _module_preset=&#8221;default&#8221; global_colors_info=&#8221;{}&#8221;][et_pb_text _builder_version=&#8221;4.27.4&#8243; _module_preset=&#8221;default&#8221; text_font=&#8221;Poppins||||||||&#8221; text_font_size=&#8221;16px&#8221; header_font=&#8221;Poppins|500|||||||&#8221; header_4_font=&#8221;Poppins|500|||||||&#8221; header_4_font_size=&#8221;20px&#8221; text_orientation=&#8221;center&#8221; global_colors_info=&#8221;{}&#8221;]<\/p>\n<h1>CAPE CORAL &amp; PUNTA GORDA HOME WATCH COMPANY<\/h1>\n<p>[\/et_pb_text][\/et_pb_column][\/et_pb_row][\/et_pb_section][et_pb_section fb_built=&#8221;1&#8243; admin_label=&#8221;Services&#8221; _builder_version=&#8221;4.27.0&#8243; _module_preset=&#8221;default&#8221; background_enable_color=&#8221;off&#8221; background_enable_image=&#8221;off&#8221; collapsed=&#8221;on&#8221; global_colors_info=&#8221;{}&#8221;][et_pb_row column_structure=&#8221;1_2,1_2&#8243; _builder_version=&#8221;4.20.0&#8243; _module_preset=&#8221;default&#8221; custom_padding=&#8221;||0px||false|false&#8221; global_colors_info=&#8221;{}&#8221;][et_pb_column type=&#8221;1_2&#8243; _builder_version=&#8221;4.20.0&#8243; _module_preset=&#8221;default&#8221; global_colors_info=&#8221;{}&#8221;][et_pb_text _builder_version=&#8221;4.27.4&#8243; _module_preset=&#8221;ba5813ad-9906-486e-afa9-3b6163c8a760&#8243; header_font=&#8221;Poppins|500|||||||&#8221; header_5_font=&#8221;Poppins|600||on|||||&#8221; header_5_text_align=&#8221;left&#8221; header_5_text_color=&#8221;#6B6B6B&#8221; header_5_font_size=&#8221;23px&#8221; header_5_letter_spacing=&#8221;0em&#8221; custom_margin=&#8221;||10px||false|false&#8221; global_colors_info=&#8221;{}&#8221;]<\/p>\n<h5>Home Watch ist Unverzichtbar<\/h5>\n<p>[\/et_pb_text][et_pb_text _builder_version=&#8221;4.27.4&#8243; _module_preset=&#8221;67f6e949-1bc6-4760-b8d9-45af45a6aea2&#8243; text_font=&#8221;Poppins|&#8211;et_global_body_font_weight|||||||&#8221; hover_enabled=&#8221;0&#8243; global_colors_info=&#8221;{}&#8221; sticky_enabled=&#8221;0&#8243;]<\/p>\n<p>Engel Home Watch of SWFL ist ein premier-home-management-Unternehmen, spezialisiert auf die Versorgung und Sicherheit ein zweites Zuhause, Urlaubs-Eigenschaften, Eigentumswohnungen und Anlageobjekten f\u00fcr die abwesenden Eigent\u00fcmer. Wir sind stolz, dienen, Cape Coral, Punta Gorda, Matlacha, Pine Island, St. James City und die umliegenden Gebiete.<\/p>\n<p>Mit einem professionellen home watch service ist unerl\u00e4sslich, um Ihre Investition zu sch\u00fctzen vor m\u00f6glichen Risiken wie Einbr\u00fcche, Wassersch\u00e4den, St\u00fcrme, Sch\u00e4dlinge, und andere unvorhergesehene Ereignisse. An Angel Home Watch, unsere mission ist es, Haus-und Wohnungseigent\u00fcmer mit kompletten Frieden des Geistes, indem sichergestellt wird, Ihr Eigentum ist gesch\u00fctzt, gepflegt und betreut Sie in Ihrer Abwesenheit. Wir behandeln Ihr Haus als w\u00e4re es unser eigenes.<\/p>\n<p>[\/et_pb_text][\/et_pb_column][et_pb_column type=&#8221;1_2&#8243; _builder_version=&#8221;4.20.0&#8243; _module_preset=&#8221;default&#8221; global_colors_info=&#8221;{}&#8221;][et_pb_image src=&#8221;https:\/\/angelhomewatch.com\/wp-content\/uploads\/2025\/04\/banner-2aa-angel-new.jpg&#8221; title_text=&#8221;banner-2aa-angel-new&#8221; _builder_version=&#8221;4.27.4&#8243; _module_preset=&#8221;default&#8221; global_colors_info=&#8221;{}&#8221;][\/et_pb_image][\/et_pb_column][\/et_pb_row][et_pb_row column_structure=&#8221;1_2,1_2&#8243; _builder_version=&#8221;4.20.0&#8243; _module_preset=&#8221;default&#8221; custom_padding=&#8221;||0px||false|false&#8221; global_colors_info=&#8221;{}&#8221;][et_pb_column type=&#8221;1_2&#8243; _builder_version=&#8221;4.20.0&#8243; _module_preset=&#8221;default&#8221; global_colors_info=&#8221;{}&#8221;][et_pb_image src=&#8221;https:\/\/angelhomewatch.com\/wp-content\/uploads\/2025\/04\/banner-2a-angel-new.jpg&#8221; title_text=&#8221;banner-2a-angel-new&#8221; _builder_version=&#8221;4.27.4&#8243; _module_preset=&#8221;default&#8221; global_colors_info=&#8221;{}&#8221;][\/et_pb_image][\/et_pb_column][et_pb_column type=&#8221;1_2&#8243; _builder_version=&#8221;4.20.0&#8243; _module_preset=&#8221;default&#8221; global_colors_info=&#8221;{}&#8221;][et_pb_text _builder_version=&#8221;4.27.4&#8243; _module_preset=&#8221;67f6e949-1bc6-4760-b8d9-45af45a6aea2&#8243; text_font=&#8221;Poppins|&#8211;et_global_body_font_weight|||||||&#8221; custom_padding=&#8221;29px|||||&#8221; hover_enabled=&#8221;0&#8243; global_colors_info=&#8221;{}&#8221; sticky_enabled=&#8221;0&#8243;]<\/p>\n<p>Wenn Sie verbringen l\u00e4ngere Zeit Weg von Ihrem S\u00fcdwesten Florida Haus oder eine Eigentumswohnung, Engel, Hause Uhr bietet w\u00f6chentlich, bi-w\u00f6chentlich, und monatliche home watch Pakete beginnen bei nur $40 pro Monat zu halten Ihre Immobilie in top-Zustand. Neben unseren home watch services, wir bieten Ihnen einen umfassenden concierge-Men\u00fc f\u00fcr die Verwaltung Ihres Hauses und Urlaub effizienter zu gestalten. Wir gerne Platz f\u00fcr spezifische Anfragen, die au\u00dferhalb unserer standard-Inspektions-Checklisten. Genie\u00dfen Sie Ihre Zeit Weg, w\u00e4hrend wir betreuen, Reparaturen zu Hause, Griff Lieferungen und bereiten Sie Ihr Zuhause f\u00fcr Ihre R\u00fcckkehr.<\/p>\n<p>Wenn Sie eine Immobilie in Cape Coral, Punta Gorda, Matlacha, Pine Island, St. James City, oder die Umgebung, der Sie Vertrauen k\u00f6nnen, dass Ihre Investition ist in kompetenten H\u00e4nden. Jeder Dienst wird ausgef\u00fchrt und \u00fcberwacht von einem engagierten Angel Home Watch team-Mitglied. Nach jedem Besuch erhalten Sie einen detaillierten Pr\u00fcfbericht, einschlie\u00dflich Fotos von einem neuen Themen\u2014oder auf Anfrage. Unsere mission ist zu pers\u00f6nlich, dass Ihr Zuhause gesch\u00fctzt ist und Professionell gewartet, jeden Tag.<\/p>\n<p>[\/et_pb_text][\/et_pb_column][\/et_pb_row][\/et_pb_section][et_pb_section fb_built=&#8221;1&#8243; admin_label=&#8221;About&#8221; _builder_version=&#8221;4.27.4&#8243; _module_preset=&#8221;default&#8221; background_color=&#8221;#a9a9a8&#8243; background_enable_image=&#8221;off&#8221; collapsed=&#8221;on&#8221; global_colors_info=&#8221;{}&#8221;][et_pb_row _builder_version=&#8221;4.27.4&#8243; _module_preset=&#8221;default&#8221; global_colors_info=&#8221;{}&#8221;][et_pb_column type=&#8221;4_4&#8243; _builder_version=&#8221;4.27.4&#8243; _module_preset=&#8221;default&#8221; global_colors_info=&#8221;{}&#8221;][et_pb_text _builder_version=&#8221;4.27.4&#8243; _module_preset=&#8221;default&#8221; header_3_font=&#8221;Poppins||||||||&#8221; header_3_text_color=&#8221;#FFFFFF&#8221; hover_enabled=&#8221;0&#8243; global_colors_info=&#8221;{}&#8221; sticky_enabled=&#8221;0&#8243; header_3_text_align=&#8221;center&#8221;]<\/p>\n<h3><strong>Kontaktieren Sie uns noch heute, um mehr zu erfahren \u00fcber unsere Leistungen oder vereinbaren Sie ein kostenloses Beratungsgespr\u00e4ch f\u00fcr Ihr Zuhause Bed\u00fcrfnisse zu sehen. Jeder Kunde ist einzigartig, und wir erstellen ein individuelles home-Uhr service-plan speziell f\u00fcr Sie.<\/strong><\/h3>\n<h3><\/h3>\n<h3><strong>Nehmen Komfort in zu wissen, dass Ihr Haus wird bleiben in die gleiche tadellosem Zustand Sie lie\u00df es bereit und wartet auf Ihre R\u00fcckkehr!<\/strong><\/h3>\n<p>[\/et_pb_text][\/et_pb_column][\/et_pb_row][\/et_pb_section]<\/p>","protected":false},"excerpt":{"rendered":"<p>Welcome to Angel Home Watch of SWFLWhere Your Home Is Our Priority At Angel Home Watch of SWFL, we provide exceptional care to ensure your property is well-maintained, protected, and always ready for your return \u2014 whether you&#8217;re home or away. Our commitment to excellence is reflected in our expert training, personalized service, and unwavering [&hellip;]<\/p>","protected":false},"author":1,"featured_media":0,"parent":0,"menu_order":0,"comment_status":"closed","ping_status":"closed","template":"","meta":{"_et_pb_use_builder":"on","_et_pb_old_content":"","_et_gb_content_width":"","_joinchat":[],"footnotes":""},"class_list":["post-57","page","type-page","status-publish","hentry"],"_links":{"self":[{"href":"https:\/\/angelhomewatch.com\/de\/wp-json\/wp\/v2\/pages\/57","targetHints":{"allow":["GET"]}}],"collection":[{"href":"https:\/\/angelhomewatch.com\/de\/wp-json\/wp\/v2\/pages"}],"about":[{"href":"https:\/\/angelhomewatch.com\/de\/wp-json\/wp\/v2\/types\/page"}],"author":[{"embeddable":true,"href":"https:\/\/angelhomewatch.com\/de\/wp-json\/wp\/v2\/users\/1"}],"replies":[{"embeddable":true,"href":"https:\/\/angelhomewatch.com\/de\/wp-json\/wp\/v2\/comments?post=57"}],"version-history":[{"count":47,"href":"https:\/\/angelhomewatch.com\/de\/wp-json\/wp\/v2\/pages\/57\/revisions"}],"predecessor-version":[{"id":287,"href":"https:\/\/angelhomewatch.com\/de\/wp-json\/wp\/v2\/pages\/57\/revisions\/287"}],"wp:attachment":[{"href":"https:\/\/angelhomewatch.com\/de\/wp-json\/wp\/v2\/media?parent=57"}],"curies":[{"name":"wp","href":"https:\/\/api.w.org\/{rel}","templated":true}]}}