{"id":305,"date":"2025-04-28T00:33:32","date_gmt":"2025-04-28T00:33:32","guid":{"rendered":"https:\/\/angelhomewatch.com\/?page_id=305"},"modified":"2025-04-28T00:35:31","modified_gmt":"2025-04-28T00:35:31","slug":"frequently-asked-questions","status":"publish","type":"page","link":"https:\/\/angelhomewatch.com\/de\/frequently-asked-questions\/","title":{"rendered":"H\u00e4ufig Gestellte Fragen"},"content":{"rendered":"<p>[et_pb_section fb_built=&#8221;1&#8243; admin_label=&#8221;Header&#8221; _builder_version=&#8221;4.27.4&#8243; _module_preset=&#8221;default&#8221; use_background_color_gradient=&#8221;on&#8221; background_color_gradient_stops=&#8221;rgba(0,0,0,0.5) 0%|rgba(0,0,0,0.5) 100%&#8221; background_image=&#8221;https:\/\/angelhomewatch.com\/wp-content\/uploads\/2025\/04\/banner-3-new-angel.jpg&#8221; custom_padding=&#8221;9vw||9vw||true|false&#8221; background_last_edited=&#8221;on|phone&#8221; collapsed=&#8221;on&#8221; global_colors_info=&#8221;{}&#8221;][et_pb_row _builder_version=&#8221;4.20.0&#8243; _module_preset=&#8221;default&#8221; global_colors_info=&#8221;{}&#8221;][et_pb_column type=&#8221;4_4&#8243; _builder_version=&#8221;4.20.0&#8243; _module_preset=&#8221;default&#8221; global_colors_info=&#8221;{}&#8221;][et_pb_text _builder_version=&#8221;4.27.4&#8243; _module_preset=&#8221;e2e60f29-7d5d-45ae-bd1f-8b0880acce57&#8243; header_text_color=&#8221;#FFFFFF&#8221; header_font_size=&#8221;41px&#8221; header_letter_spacing=&#8221;0em&#8221; text_orientation=&#8221;center&#8221; custom_margin=&#8221;||10px|||&#8221; hover_enabled=&#8221;0&#8243; header_font_size_tablet=&#8221;&#8221; header_font_size_phone=&#8221;&#8221; header_font_size_last_edited=&#8221;on|phone&#8221; global_colors_info=&#8221;{}&#8221; sticky_enabled=&#8221;0&#8243;]<\/p>\n<h1><strong>H\u00e4ufig Gestellte Fragen<\/strong><\/h1>\n<p>[\/et_pb_text][\/et_pb_column][\/et_pb_row][\/et_pb_section][et_pb_section fb_built=&#8221;1&#8243; admin_label=&#8221;Services&#8221; _builder_version=&#8221;4.27.0&#8243; _module_preset=&#8221;default&#8221; background_enable_color=&#8221;off&#8221; background_enable_image=&#8221;off&#8221; collapsed=&#8221;on&#8221; global_colors_info=&#8221;{}&#8221;][et_pb_row _builder_version=&#8221;4.20.0&#8243; _module_preset=&#8221;default&#8221; custom_margin=&#8221;-14px|auto|-32px|auto|false|false&#8221; custom_padding=&#8221;||0px||false|false&#8221; global_colors_info=&#8221;{}&#8221;][et_pb_column type=&#8221;4_4&#8243; _builder_version=&#8221;4.20.0&#8243; _module_preset=&#8221;default&#8221; global_colors_info=&#8221;{}&#8221;][et_pb_text _builder_version=&#8221;4.27.4&#8243; _module_preset=&#8221;67f6e949-1bc6-4760-b8d9-45af45a6aea2&#8243; text_font=&#8221;Poppins|&#8211;et_global_body_font_weight|||||||&#8221; custom_padding=&#8221;0px||0px||true|false&#8221; hover_enabled=&#8221;0&#8243; global_colors_info=&#8221;{}&#8221; sticky_enabled=&#8221;0&#8243;]<\/p>\n<p><strong>Wie oft besuchen Sie meine Immobilie?<\/strong><\/p>\n<p>Wir bieten w\u00f6chentlich, bi-w\u00f6chentlich, und monatliche Inspektion Pl\u00e4ne. W\u00f6chentliche Besuche sind die beliebtesten option zu erkennen und zu beheben m\u00f6gliche Probleme schnell. Weitere Besuche k\u00f6nnen auf Anfrage arrangiert werden.<\/p>\n<p><strong>Was ist enthalten in einem standard-Haus-Inspektion?<\/strong><\/p>\n<p>Jeder Besuch beinhaltet eine Gr\u00fcndliche \u00fcberpr\u00fcfung Ihrer Klimaanlage, Armaturen, Fenster, T\u00fcren, Sch\u00e4dlings-Aktivit\u00e4t, Anzeichen von Wassersch\u00e4den, pool Bedingung (wenn zutreffend), und die Allgemeine Eigenschaft der Sicherheit. Sie erhalten einen ausf\u00fchrlichen Bericht und Fotos nach jedem Inspektion.<\/p>\n<p><strong>Was passiert, wenn Sie ein problem bei einer Inspektion?<\/strong><\/p>\n<p>Wenn wir feststellen, dass alle Fragen bei unserem Besuch, wir werden sofort Benachrichtigen Sie und empfehlen die beste Vorgehensweise. Wir k\u00f6nnen auch koordinieren Reparaturen oder services mit vertrauensw\u00fcrdigen Anbietern in Ihrem Namen.<\/p>\n<p><strong>K\u00f6nnen Sie mein Auto fahren, w\u00e4hrend ich Weg bin?<\/strong><\/p>\n<p>Ja! Auf Anfrage (und gegen eine geringe zus\u00e4tzliche Geb\u00fchr), wir werden starten und \u00fcberpr\u00fcfen Ihr Fahrzeug w\u00e4hrend regelm\u00e4\u00dfige Hause, Kontrollen zur Aufrechterhaltung der Batterie Gesundheit und den Allgemeinen Zustand.<\/p>\n<p><strong>Welche Bereiche bieten Sie an?<\/strong><\/p>\n<p>Engel zu Hause Watch stolz dient Cape Coral, Punta Gorda, Matlacha, Pine Island, St. James City und die umliegenden S\u00fcdwesten von Florida Gemeinden.<\/p>\n<p><strong>Sind Sie versichert?<\/strong><\/p>\n<p>Ja! Engel Home Watch of SWFL ist voll versichert, f\u00fcr Ihren Frieden des Verstandes.<\/p>\n<p><strong>Wie bekomme ich begonnen?<\/strong><\/p>\n<p>Einfach planen Sie Ihre Kostenlose Beratung. Wir besprechen Ihre Bed\u00fcrfnisse, erstellen einen individuellen service-plan, und Holen Sie Ihr Eigentum registriert, unter unserer Obhut.<\/p>\n<p>[\/et_pb_text][\/et_pb_column][\/et_pb_row][\/et_pb_section]<\/p>","protected":false},"excerpt":{"rendered":"<p>Frequently Asked QuestionsHow often do you visit my property? We offer weekly, bi-weekly, and monthly inspection plans. Weekly visits are the most popular option to detect and resolve potential issues quickly. Additional visits can be arranged upon request. What is included in a standard home inspection? Each visit includes a thorough check of your air [&hellip;]<\/p>","protected":false},"author":1,"featured_media":0,"parent":0,"menu_order":0,"comment_status":"closed","ping_status":"closed","template":"","meta":{"_et_pb_use_builder":"on","_et_pb_old_content":"[et_pb_section fb_built=\"1\" admin_label=\"Header\" _builder_version=\"4.27.4\" _module_preset=\"default\" use_background_color_gradient=\"on\" background_color_gradient_stops=\"rgba(0,0,0,0.5) 0%|rgba(0,0,0,0.5) 100%\" background_image=\"https:\/\/angelhomewatch.com\/wp-content\/uploads\/2025\/04\/banner-3-new-angel.jpg\" custom_padding=\"9vw||9vw||true|false\" background_last_edited=\"on|phone\" collapsed=\"on\" global_colors_info=\"{}\"][et_pb_row _builder_version=\"4.20.0\" _module_preset=\"default\" global_colors_info=\"{}\"][et_pb_column type=\"4_4\" _builder_version=\"4.20.0\" _module_preset=\"default\" global_colors_info=\"{}\"][et_pb_text _builder_version=\"4.27.4\" _module_preset=\"e2e60f29-7d5d-45ae-bd1f-8b0880acce57\" header_text_color=\"#FFFFFF\" header_font_size=\"41px\" header_letter_spacing=\"0em\" text_orientation=\"center\" custom_margin=\"||10px|||\" header_font_size_tablet=\"\" header_font_size_phone=\"\" header_font_size_last_edited=\"on|phone\" global_colors_info=\"{}\"]<h1>How We Work<\/h1>[\/et_pb_text][et_pb_text _builder_version=\"4.27.0\" _module_preset=\"fb3bbfd6-14b6-4763-a669-db67276260bc\" text_font=\"Poppins||||||||\" text_text_color=\"#FFFFFF\" text_font_size=\"16px\" header_font=\"Poppins||||||||\" header_text_align=\"center\" header_text_color=\"#FFFFFF\" header_font_size=\"27px\" header_4_text_color=\"#FFFFFF\" text_orientation=\"center\" custom_margin=\"||25px||false|false\" global_colors_info=\"{}\"]<p>Where your home is our priority. We provide exceptional care, ensuring your property is well-maintained, protected, and always ready for you\u2014whether you're home or away. Our commitment to excellence is reflected in our expert training and top-quality services.<\/p>[\/et_pb_text][et_pb_button button_url=\"https:\/\/wa.link\/ycw9p7\" button_text=\"More info\" button_alignment=\"center\" _builder_version=\"4.27.0\" _module_preset=\"23fbfb7a-36d2-418c-94a8-5b87f2273e6d\" global_colors_info=\"{}\"][\/et_pb_button][\/et_pb_column][\/et_pb_row][\/et_pb_section][et_pb_section fb_built=\"1\" _builder_version=\"4.27.0\" _module_preset=\"default\" background_color=\"#54c0d8\" background_enable_image=\"off\" custom_margin=\"0px||0px||true|false\" custom_padding=\"0px||0px||true|false\" global_colors_info=\"{}\"][et_pb_row _builder_version=\"4.27.0\" _module_preset=\"default\" global_colors_info=\"{}\"][et_pb_column type=\"4_4\" _builder_version=\"4.27.0\" _module_preset=\"default\" global_colors_info=\"{}\"][et_pb_text _builder_version=\"4.27.4\" _module_preset=\"default\" text_font=\"Poppins||||||||\" text_font_size=\"16px\" header_font=\"Poppins|500|||||||\" header_4_font=\"Poppins|500|||||||\" header_4_font_size=\"20px\" text_orientation=\"center\" global_colors_info=\"{}\"]<h1>Home Watch Service Plans<\/h1>[\/et_pb_text][\/et_pb_column][\/et_pb_row][\/et_pb_section][et_pb_section fb_built=\"1\" admin_label=\"Services\" _builder_version=\"4.27.0\" _module_preset=\"default\" background_enable_color=\"off\" background_enable_image=\"off\" collapsed=\"on\" global_colors_info=\"{}\"][et_pb_row _builder_version=\"4.20.0\" _module_preset=\"default\" custom_margin=\"-14px|auto|-32px|auto|false|false\" custom_padding=\"||0px||false|false\" global_colors_info=\"{}\"][et_pb_column type=\"4_4\" _builder_version=\"4.20.0\" _module_preset=\"default\" global_colors_info=\"{}\"][et_pb_text _builder_version=\"4.27.4\" _module_preset=\"67f6e949-1bc6-4760-b8d9-45af45a6aea2\" text_font=\"Poppins|--et_global_body_font_weight|||||||\" custom_padding=\"0px||0px||true|false\" hover_enabled=\"0\" global_colors_info=\"{}\" sticky_enabled=\"0\"]<p>Angel Home Watch of SWFL offers three service plans to fit your needs. Our levels of attention include weekly, bi-weekly, or monthly inspections, with weekly service being the most popular choice for timely detection and resolution of potential issues. Additional visits can be arranged upon request.<\/p>\n<p style=\"text-align: center;\"><span style=\"color: #3f3f3f; font-size: large;\">A standard home inspection includes:<\/span><\/p>\n<p>&nbsp;<\/p>[\/et_pb_text][\/et_pb_column][\/et_pb_row][et_pb_row column_structure=\"1_2,1_2\" _builder_version=\"4.27.4\" _module_preset=\"default\" global_colors_info=\"{}\"][et_pb_column type=\"1_2\" _builder_version=\"4.27.4\" _module_preset=\"default\" global_colors_info=\"{}\"][et_pb_text _builder_version=\"4.27.4\" _module_preset=\"default\" text_font=\"Poppins||||||||\" text_font_size=\"16px\" hover_enabled=\"0\" global_colors_info=\"{}\" sticky_enabled=\"0\"]<ul>\n<li>Check air conditioner operation and record indoor temperature<\/li>\n<li>Run water in all sinks, tubs, and showers<\/li>\n<li>Flush toilets<\/li>\n<li>Inspect landscaping condition <em>(maintenance per vendor agreement)<\/em><\/li>\n<li>Check for signs of household pests<\/li>\n<li>Inspect interior walls and ceilings for visible mold, mildew, or water damage<\/li>\n<\/ul>[\/et_pb_text][\/et_pb_column][et_pb_column type=\"1_2\" _builder_version=\"4.27.4\" _module_preset=\"default\" global_colors_info=\"{}\"][et_pb_text _builder_version=\"4.27.4\" _module_preset=\"default\" text_font=\"Poppins||||||||\" text_font_size=\"16px\" hover_enabled=\"0\" global_colors_info=\"{}\" sticky_enabled=\"0\"]<ul>\n<li>Inspect exterior areas, including lanais, decks, patios, siding, and garages<\/li>\n<li>Bring in mail and newspapers<\/li>\n<li>Start vehicle <em>(upon client request; additional fee applies)<\/em><\/li>\n<li>Inspect pool condition <em>(maintenance per vendor agreement)<\/em><\/li>\n<li>Run garbage disposal<\/li>\n<li>Verify all doors and windows are locked and secured upon departure<\/li>\n<\/ul>[\/et_pb_text][\/et_pb_column][\/et_pb_row][\/et_pb_section][et_pb_section fb_built=\"1\" _builder_version=\"4.27.4\" _module_preset=\"default\" background_color=\"#C2C2C2\" background_enable_image=\"off\" global_colors_info=\"{}\"][et_pb_row _builder_version=\"4.27.4\" _module_preset=\"default\" global_colors_info=\"{}\"][et_pb_column type=\"4_4\" _builder_version=\"4.27.4\" _module_preset=\"default\" global_colors_info=\"{}\"][et_pb_text _builder_version=\"4.27.4\" _module_preset=\"default\" text_font=\"Poppins||||||||\" text_text_color=\"#000000\" text_font_size=\"16px\" hover_enabled=\"0\" global_colors_info=\"{}\" sticky_enabled=\"0\"]<p>Home Watch Inspection summaries are sent via email or fax on the day of inspection. Clients may select their preferred delivery method when completing the service agreement.<\/p>\n<p>In the event of a security issue, property damage, or maintenance concern, we will immediately notify you and recommend a course of action. You will also receive digital photographs documenting the condition of your home.<\/p>\n<p><strong>Vendor Oversight<\/strong><\/p>\n<p>While you are away, Angel Home Watch of SWFL monitors the services provided by your contracted vendors, such as landscaping, pest control, and pool maintenance companies, to ensure the service quality you expect. If issues arise, we will promptly coordinate with vendors to resolve them and keep you informed.<\/p>\n<p><strong>Hurricane Preparedness<\/strong><\/p>\n<p>In the event of an emergency\u2014including hurricanes or severe storms\u2014an Angel Home Watch representative is available 24\/7 to provide assistance. We maintain trusted vendor relationships and oversee all details, including damage documentation and coordination with insurance agents.<\/p>\n<p><strong>Service Agreement &amp; Payment<\/strong><\/p>\n<p>Home watch inspections begin once we receive your signed service agreement and the first month\u2019s payment.<\/p>\n<ul>\n<li>Service plans run month-to-month but may be prepaid for the season.<\/li>\n<li>A 30-day notice is required to terminate services.<\/li>\n<\/ul>\n<p>For concierge services, an authorized credit card and signature on file are required. Charges will be billed on the day of service. We ask for at least 48 hours\u2019 notice to schedule concierge services.<\/p>\n<p><strong>Payment Terms:<\/strong><\/p>\n<ul>\n<li>Payments are due on the 1st of each month.<\/li>\n<li>You will not be billed for months when no inspections are requested.<\/li>\n<li>Accepted payment options include full payment, monthly invoicing, or automatic monthly deductions.<\/li>\n<li>Clients paying by check will receive services after payment clears.<\/li>\n<li>Returned or declined payments will incur a $30 fee. Customers are responsible for any reasonable collection costs if required.<\/li>\n<\/ul>\n<p><strong>Alarm Response &amp; Security Monitoring<\/strong><\/p>\n<p>Angel Home Watch of SWFL can serve as your local emergency contact and key-holder in case of an alarm activation. You must notify your alarm monitoring company to contact your home watch service and the appropriate local authorities. Premium rates may apply for extended hours, weekends, and holidays.<\/p>\n<p><strong>Business Hours<\/strong><\/p>\n<ul>\n<li>Monday \u2013 Friday, 9:00 a.m. \u2013 5:00 p.m.<\/li>\n<li><strong>After-hours service:<\/strong> Additional $25.00<\/li>\n<li><strong>Holiday service:<\/strong> Additional $50.00<\/li>\n<\/ul>[\/et_pb_text][\/et_pb_column][\/et_pb_row][\/et_pb_section]","_et_gb_content_width":"","_joinchat":[],"footnotes":""},"class_list":["post-305","page","type-page","status-publish","hentry"],"_links":{"self":[{"href":"https:\/\/angelhomewatch.com\/de\/wp-json\/wp\/v2\/pages\/305","targetHints":{"allow":["GET"]}}],"collection":[{"href":"https:\/\/angelhomewatch.com\/de\/wp-json\/wp\/v2\/pages"}],"about":[{"href":"https:\/\/angelhomewatch.com\/de\/wp-json\/wp\/v2\/types\/page"}],"author":[{"embeddable":true,"href":"https:\/\/angelhomewatch.com\/de\/wp-json\/wp\/v2\/users\/1"}],"replies":[{"embeddable":true,"href":"https:\/\/angelhomewatch.com\/de\/wp-json\/wp\/v2\/comments?post=305"}],"version-history":[{"count":5,"href":"https:\/\/angelhomewatch.com\/de\/wp-json\/wp\/v2\/pages\/305\/revisions"}],"predecessor-version":[{"id":312,"href":"https:\/\/angelhomewatch.com\/de\/wp-json\/wp\/v2\/pages\/305\/revisions\/312"}],"wp:attachment":[{"href":"https:\/\/angelhomewatch.com\/de\/wp-json\/wp\/v2\/media?parent=305"}],"curies":[{"name":"wp","href":"https:\/\/api.w.org\/{rel}","templated":true}]}}